{"id":13,"date":"2022-02-20T13:27:57","date_gmt":"2022-02-20T12:27:57","guid":{"rendered":"http:\/\/hoptech.simafoto.cz\/?page_id=13"},"modified":"2025-05-13T08:28:07","modified_gmt":"2025-05-13T06:28:07","slug":"vyroba","status":"publish","type":"page","link":"https:\/\/hoptech.cz\/index.php\/vyroba\/","title":{"rendered":"Automatizace"},"content":{"rendered":"\n<div class=\"wp-block-columns is-layout-flex wp-container-core-columns-is-layout-9d6595d7 wp-block-columns-is-layout-flex\">\n<div class=\"wp-block-column is-layout-flow wp-block-column-is-layout-flow\">\n<p class=\"has-text-align-center\"><a href=\"#linky\"><img decoding=\"async\" class=\"wp-image-244\" style=\"width: 70px;\" src=\"..\/..\/loga\/linka.png\" onmouseover=\" src='..\/..\/loga\/linka_mo.png'\" onmouseout=\" src='..\/..\/loga\/linka.png'\"><br>Linky<\/a><\/p>\n<\/div>\n\n\n\n<div class=\"wp-block-column is-layout-flow wp-block-column-is-layout-flow\">\n<p class=\"has-text-align-center\"><a href=\"#konstrukce\"><img decoding=\"async\" class=\"wp-image-244\" style=\"width: 70px;\" src=\"..\/..\/loga\/konstrukce.png\" onmouseover=\" src='..\/..\/loga\/konstrukce_mo.png'\" onmouseout=\" src='..\/..\/loga\/konstrukce.png'\"><br>Konstrukce<\/a><\/p>\n<\/div>\n\n\n\n<div class=\"wp-block-column is-layout-flow wp-block-column-is-layout-flow\">\n<p class=\"has-text-align-center\"><a href=\"#plc\"><img decoding=\"async\" class=\"wp-image-244\" style=\"width: 70px;\" src=\"..\/..\/loga\/plc.png\" onmouseover=\" src='..\/..\/loga\/plc_mo.png'\" onmouseout=\" src='..\/..\/loga\/plc.png'\"><br>Programov\u00e1n\u00ed<\/a><\/p>\n<\/div>\n\n\n\n<div class=\"wp-block-column is-layout-flow wp-block-column-is-layout-flow\">\n<p class=\"has-text-align-center\"><a href=\"#monitoring\"><img decoding=\"async\" class=\"wp-image-244\" style=\"width: 70px;\" src=\"..\/..\/loga\/monitoring.png\" onmouseover=\" src='..\/..\/loga\/monitoring_mo.png'\" onmouseout=\" src='..\/..\/loga\/monitoring.png'\"><br>Monitoring<\/a><\/p>\n<\/div>\n\n\n\n<div class=\"wp-block-column is-layout-flow wp-block-column-is-layout-flow\">\n<p class=\"has-text-align-center\"><a href=\"#robotizace\"><img decoding=\"async\" class=\"wp-image-244\" style=\"width: 70px;\" src=\"..\/..\/loga\/robot.png\" onmouseover=\" src='..\/..\/loga\/robot_mo.png'\" onmouseout=\" src='..\/..\/loga\/robot.png'\"><br>Robotizace<\/a><\/p>\n<\/div>\n\n\n\n<div class=\"wp-block-column is-layout-flow wp-block-column-is-layout-flow\">\n<p class=\"has-text-align-center\"><a href=\"#servis\"><img decoding=\"async\" class=\"wp-image-244\" style=\"width: 70px;\" src=\"..\/..\/loga\/servis.png\" onmouseover=\" src='..\/..\/loga\/servis_mo.png'\" onmouseout=\" src='..\/..\/loga\/servis.png'\"><br>Servis<\/a><\/p>\n<\/div>\n<\/div>\n\n\n\n<h2 class=\"wp-block-heading\" id=\"linky\">Linky<\/h2>\n\n\n\n<p>Specializujeme se na v\u00fdvoj, konstrukci a v\u00fdrobu jedno\u00fa\u010delov\u00fdch stroj\u016f a automatizovan\u00fdch v\u00fdrobn\u00edch linek, kter\u00e9 se s\u00e9riov\u011b nikde na sv\u011bt\u011b nevyr\u00e1b\u00ed.&nbsp; Na\u0161e stroje slou\u017e\u00ed pro r\u016fzn\u00e9 v\u00fdrobn\u00ed operace nap\u0159\u00edklad pro mont\u00e1\u017e, lisov\u00e1n\u00ed, testov\u00e1n\u00ed, m\u011b\u0159en\u00ed, tvarov\u00e1n\u00ed, kontrolu \u010di elektrozkou\u0161ku. Prov\u00e1d\u00edme tak\u00e9 modernizace a optimalizace st\u00e1vaj\u00edc\u00edch za\u0159\u00edzen\u00ed. Pracujeme s \u0159\u00edd\u00edc\u00edmi syst\u00e9my Siemens. Maxim\u00e1ln\u00ed d\u016fraz klademe na spolehlivost, k&nbsp;tomu p\u0159isp\u00edv\u00e1 i to, \u017ee do na\u0161ich stroj\u016f d\u00e1v\u00e1me v\u00fdhradn\u011b kvalitn\u00ed a ov\u011b\u0159en\u00e9 komponenty od p\u0159edn\u00edch tuzemsk\u00fdch a zahrani\u010dn\u00edch v\u00fdrobc\u016f (BALUFF, FESTO, HIWIN, KEYENCE, LENZE, LINTECH, RAVEO, SICK, SIEMENS, SMC).<\/p>\n\n\n\n<h2 class=\"wp-block-heading\" id=\"konstrukce\">Konstrukce a v\u00fdvoj<\/h2>\n\n\n\n<div class=\"wp-block-image\"><figure class=\"alignright size-full is-resized\"><img decoding=\"async\" src=\"http:\/\/hoptech.cz\/wp-content\/uploads\/2022\/03\/C.png\" alt=\"\" class=\"wp-image-329\" width=\"350\" srcset=\"https:\/\/hoptech.cz\/wp-content\/uploads\/2022\/03\/C.png 829w, https:\/\/hoptech.cz\/wp-content\/uploads\/2022\/03\/C-300x231.png 300w, https:\/\/hoptech.cz\/wp-content\/uploads\/2022\/03\/C-768x592.png 768w\" sizes=\"(max-width: 829px) 100vw, 829px\" \/><\/figure><\/div>\n\n\n\n<p><strong>Vlastn\u00ed CAD studio<\/strong>&nbsp; &nbsp;&nbsp;&nbsp;&nbsp;&nbsp; &nbsp; &nbsp;&nbsp;&nbsp; &nbsp; &nbsp; &nbsp; &nbsp; &nbsp; &nbsp; &nbsp; &nbsp; &nbsp; &nbsp; &nbsp; &nbsp; &nbsp; &nbsp; &nbsp; &nbsp; &nbsp; &nbsp; &nbsp; &nbsp; &nbsp; &nbsp; &nbsp; &nbsp; &nbsp; &nbsp; &nbsp; &nbsp; &nbsp; &nbsp; &nbsp; &nbsp; &nbsp; &nbsp; &nbsp; &nbsp; &nbsp; &nbsp; &nbsp; &nbsp; &nbsp; &nbsp; &nbsp; &nbsp; &nbsp; &nbsp; &nbsp;&nbsp;<\/p>\n\n\n\n<p>Chyb\u00ed V\u00e1m n\u00e1hradn\u00ed d\u00edl a ji\u017e nen\u00ed na trhu?<br>Dodac\u00ed doba je p\u0159\u00edli\u0161 dlouh\u00e1?<br>Nem\u00e1te pot\u0159ebnou v\u00fdkresovou dokumentaci ?<br>3D parametrick\u00e9 modelov\u00e1n\u00ed objemov\u00fdch t\u011bles: 3D PDF Publishing (v\u00fdstupy v 3D PDF)<\/p>\n\n\n\n<p><strong>Tvorba v\u00fdkresov\u00e9 dokumentace 2D ,3D v&nbsp;programu kompatibiln\u00edm nejen s&nbsp;AutoCAD<\/strong><br><strong>V\u00fdstupn\u00ed form\u00e1ty ( STEP, IGES, SAT, STL, DWG, DXF, atd&#8230; )<\/strong><\/p>\n\n\n\n<p>Zam\u011b\u0159\u00edme, zkresl\u00edme a vyrob\u00edme od n\u00e1vrhu a\u017e po mont\u00e1\u017e u v\u00e1s ve firm\u011b.&nbsp;Poskytujeme rychl\u00e9 slu\u017eby, zaji\u0161\u0165ujeme promptn\u00ed dod\u00e1vky, v\u010detn\u011b povrchov\u00fdch \u00faprav dopravy k&nbsp;v\u00e1m do firmy. V p\u0159\u00edpad\u011b z\u00e1jmu tvorba v\u00fdkresov\u00e9 dokumentace 2D, 3D, jsme pln\u011b kompatibiln\u00ed se v\u0161emi dnes zn\u00e1m\u00fdmi form\u00e1ty.<\/p>\n\n\n\n<p>Pro m\u011b\u0159en\u00ed pou\u017e\u00edv\u00e1me zejm\u00e9na p\u0159esn\u00e1 digit\u00e1ln\u00ed m\u011b\u0159idla Mitutoyo<\/p>\n\n\n\n<h2 class=\"wp-block-heading\" id=\"plc\">Programov\u00e1n\u00ed<\/h2>\n\n\n\n<p>Zaji\u0161\u0165ujeme programov\u00e1n\u00ed, servis a poradenstv\u00ed pro PLC Siemens S7, Mitsubishi a tak\u00e9 Allen Bradley SLC 5XX. Nab\u00edz\u00edme \u0161irokou \u0161k\u00e1lu z\u00e1kladn\u00edch i roz\u0161i\u0159uj\u00edc\u00edch jednotek, HMI displej\u016f i komunika\u010dn\u00edch modul\u016f.\u00a0Upgradem star\u00e9ho \u0159\u00edzen\u00ed st\u00e1vaj\u00edc\u00edho stroje nejen prodlou\u017e\u00edte \u017eivotnost stroje ale umo\u017e\u0148uje V\u00e1m\u00a0v p\u0159\u00edpad\u011b pot\u0159eby jednoduch\u00e9 roz\u0161\u00ed\u0159en\u00ed stroje o dal\u0161\u00ed funkce &#8211; v z\u00e1vislosti na st\u00e1vaj\u00edc\u00edch hardwarov\u00fdch mo\u017enostech.<\/p>\n\n\n\n<h2 class=\"wp-block-heading\" id=\"monitoring\">Sb\u011br dat, online sledov\u00e1n\u00ed v\u00fdroby<\/h2>\n\n\n\n<div class=\"wp-block-image\"><figure class=\"alignright size-medium is-resized\"><img decoding=\"async\" src=\"http:\/\/hoptech.cz\/wp-content\/uploads\/2022\/03\/PHOTO-2022-01-24-17-38-36-300x181.jpg\" alt=\"\" class=\"wp-image-326\" width=\"350\" srcset=\"https:\/\/hoptech.cz\/wp-content\/uploads\/2022\/03\/PHOTO-2022-01-24-17-38-36-300x181.jpg 300w, https:\/\/hoptech.cz\/wp-content\/uploads\/2022\/03\/PHOTO-2022-01-24-17-38-36-768x463.jpg 768w, https:\/\/hoptech.cz\/wp-content\/uploads\/2022\/03\/PHOTO-2022-01-24-17-38-36-1024x618.jpg 1024w, https:\/\/hoptech.cz\/wp-content\/uploads\/2022\/03\/PHOTO-2022-01-24-17-38-36-1568x946.jpg 1568w, https:\/\/hoptech.cz\/wp-content\/uploads\/2022\/03\/PHOTO-2022-01-24-17-38-36.jpg 1599w\" sizes=\"(max-width: 300px) 100vw, 300px\" \/><\/figure><\/div>\n\n\n\n<p>Skupina aplikac\u00ed ur\u010den\u00fdch k&nbsp;vizualizaci a&nbsp;monitorov\u00e1n\u00ed dat na v\u00fdrobn\u00edch stroj\u00edch a&nbsp;link\u00e1ch. Syst\u00e9m umo\u017e\u0148uje sb\u011br dat z&nbsp;r\u016fzn\u00fdch datov\u00fdch zdroj\u016f, kter\u00e1 jsou n\u00e1sledn\u011b ukl\u00e1d\u00e1na do centr\u00e1ln\u00edch datov\u00fdch \u00falo\u017ei\u0161\u0165 (typicky datab\u00e1ze). Monitorovac\u00ed syst\u00e9my jsou navr\u017eeny jako klient\u2013server architektura, kter\u00e1 umo\u017e\u0148uje ov\u011b\u0159ov\u00e1n\u00ed dat, kontrolu hodnoty v&nbsp;rozmez\u00ed, definov\u00e1n\u00ed z\u00e1vislost\u00ed hodnot a&nbsp;zpracov\u00e1n\u00ed automatizovan\u00fdch a&nbsp;napl\u00e1novan\u00fdch \u00faloh.<\/p>\n\n\n\n<h2 class=\"wp-block-heading\" id=\"robotizace\">Robotizace<\/h2>\n\n\n\n<div class=\"wp-block-image\"><figure class=\"alignright size-medium is-resized\"><img decoding=\"async\" src=\"http:\/\/hoptech.simafoto.cz\/wp-content\/uploads\/2022\/03\/IMG_0091-1-300x225.jpg\" alt=\"\" class=\"wp-image-322\" width=\"350\"\/><\/figure><\/div>\n\n\n\n<p>Integrace pr\u016fmyslov\u00fdch robot\u016f do v\u00fdrobn\u00edch \u010dinnost\u00ed je st\u00e1le roz\u0161\u00ed\u0159en\u011bj\u0161\u00edm jevem. Zvy\u0161uj\u00edc\u00ed se v\u0161estrannost a klesaj\u00edc\u00ed cena robot\u016f ji\u017e umo\u017e\u0148uje jejich u\u017eit\u00ed ve st\u00e1le \u0161ir\u0161\u00edm spektru \u010dinnost\u00ed, kde nen\u00ed efektivn\u00ed a ani realistick\u00fd n\u00e1kup velk\u00e9ho mno\u017estv\u00ed jedno\u00fa\u010delov\u00fdch stroj\u016f. Mo\u017enosti nasazen\u00ed robot\u016f se tak v\u00fdznamn\u011b roz\u0161i\u0159uj\u00ed.<\/p>\n\n\n\n<p>M\u016f\u017eeme V\u00e1m dodat takov\u00e9ho robota, kter\u00fd p\u0159esn\u011b napodob\u00ed sekvenci pohyb\u016f lidsk\u00e9ho pracovn\u00edka, kter\u00e9 je pak schopen bez ust\u00e1n\u00ed opakovat. D\u00edky t\u00e9to ne\u00fanavnosti industri\u00e1ln\u00edch robot\u016f mohou firmy podstatn\u011b zvy\u0161ovat svoji produkci a to p\u0159i minim\u00e1ln\u00ed zmetkovitosti. V\u011bt\u0161\u00ed zapojen\u00ed robot\u016f by tak mohlo omezit nedostatek zam\u011bstnanc\u016f, kter\u00fdm n\u00e1\u0161 pr\u016fmysl trp\u00ed.<\/p>\n\n\n\n<h2 class=\"wp-block-heading\" id=\"servis\">Servis a poradenstv\u00ed<\/h2>\n\n\n\n<p>Samoz\u0159ejmost\u00ed je poskytov\u00e1n\u00ed servisu z\u00e1ru\u010dn\u00edho a poz\u00e1ru\u010dn\u00edho jak na vlastn\u00ed dodan\u00e9 komodity, tak rovn\u011b\u017e na obdobn\u00e9 syst\u00e9my jin\u00fdch v\u00fdrobc\u016f.<\/p>\n","protected":false},"excerpt":{"rendered":"<p>Linky Konstrukce Programov\u00e1n\u00ed Monitoring Robotizace Servis Linky Specializujeme se na v\u00fdvoj, konstrukci a v\u00fdrobu jedno\u00fa\u010delov\u00fdch stroj\u016f a automatizovan\u00fdch v\u00fdrobn\u00edch linek, kter\u00e9 se s\u00e9riov\u011b nikde na sv\u011bt\u011b nevyr\u00e1b\u00ed.&nbsp; Na\u0161e stroje slou\u017e\u00ed&hellip;<a href=\"https:\/\/hoptech.cz\/index.php\/vyroba\/\" class=\"more-link\"><span class=\"more-button\">Continue reading<span class=\"screen-reader-text\">Automatizace<\/span><\/span><\/a><\/p>\n","protected":false},"author":1,"featured_media":0,"parent":0,"menu_order":1,"comment_status":"closed","ping_status":"closed","template":"","meta":{"_monsterinsights_skip_tracking":false,"_monsterinsights_sitenote_active":false,"_monsterinsights_sitenote_note":"","_monsterinsights_sitenote_category":0,"ngg_post_thumbnail":0,"footnotes":""},"class_list":["post-13","page","type-page","status-publish","hentry"],"aioseo_notices":[],"_links":{"self":[{"href":"https:\/\/hoptech.cz\/index.php\/wp-json\/wp\/v2\/pages\/13","targetHints":{"allow":["GET"]}}],"collection":[{"href":"https:\/\/hoptech.cz\/index.php\/wp-json\/wp\/v2\/pages"}],"about":[{"href":"https:\/\/hoptech.cz\/index.php\/wp-json\/wp\/v2\/types\/page"}],"author":[{"embeddable":true,"href":"https:\/\/hoptech.cz\/index.php\/wp-json\/wp\/v2\/users\/1"}],"replies":[{"embeddable":true,"href":"https:\/\/hoptech.cz\/index.php\/wp-json\/wp\/v2\/comments?post=13"}],"version-history":[{"count":9,"href":"https:\/\/hoptech.cz\/index.php\/wp-json\/wp\/v2\/pages\/13\/revisions"}],"predecessor-version":[{"id":855,"href":"https:\/\/hoptech.cz\/index.php\/wp-json\/wp\/v2\/pages\/13\/revisions\/855"}],"wp:attachment":[{"href":"https:\/\/hoptech.cz\/index.php\/wp-json\/wp\/v2\/media?parent=13"}],"curies":[{"name":"wp","href":"https:\/\/api.w.org\/{rel}","templated":true}]}}